{"id":9,"date":"2021-11-23T23:43:01","date_gmt":"2021-11-23T22:43:01","guid":{"rendered":"http:\/\/kancelaria-wegierek.pl\/?page_id=9"},"modified":"2023-03-22T01:08:11","modified_gmt":"2023-03-22T00:08:11","slug":"kontakt","status":"publish","type":"page","link":"https:\/\/kancelaria-wegierek.pl\/?page_id=9","title":{"rendered":"KONTAKT"},"content":{"rendered":"\t\t<div data-elementor-type=\"wp-page\" data-elementor-id=\"9\" class=\"elementor elementor-9\">\n\t\t\t\t\t\t\t\t\t<section class=\"elementor-section elementor-top-section elementor-element elementor-element-698d4233 elementor-section-boxed elementor-section-height-default elementor-section-height-default\" data-id=\"698d4233\" data-element_type=\"section\">\n\t\t\t\t\t\t<div class=\"elementor-container elementor-column-gap-default\">\n\t\t\t\t\t<div class=\"elementor-column elementor-col-100 elementor-top-column elementor-element elementor-element-729493f5\" data-id=\"729493f5\" data-element_type=\"column\">\n\t\t\t<div class=\"elementor-widget-wrap elementor-element-populated\">\n\t\t\t\t\t\t\t\t<div class=\"elementor-element elementor-element-b4961a4 elementor-widget elementor-widget-text-editor\" data-id=\"b4961a4\" data-element_type=\"widget\" data-widget_type=\"text-editor.default\">\n\t\t\t\t<div class=\"elementor-widget-container\">\n\t\t\t<style>\/*! elementor - v3.11.5 - 14-03-2023 *\/\n.elementor-widget-text-editor.elementor-drop-cap-view-stacked .elementor-drop-cap{background-color:#818a91;color:#fff}.elementor-widget-text-editor.elementor-drop-cap-view-framed .elementor-drop-cap{color:#818a91;border:3px solid;background-color:transparent}.elementor-widget-text-editor:not(.elementor-drop-cap-view-default) .elementor-drop-cap{margin-top:8px}.elementor-widget-text-editor:not(.elementor-drop-cap-view-default) .elementor-drop-cap-letter{width:1em;height:1em}.elementor-widget-text-editor .elementor-drop-cap{float:left;text-align:center;line-height:1;font-size:50px}.elementor-widget-text-editor .elementor-drop-cap-letter{display:inline-block}<\/style>\t\t\t\t<p><!-- wp:paragraph --><\/p>\n<h3><strong>KANCELARIA ADWOKACKA TERESA W\u0118GIEREK<\/strong><\/h3>\n<div dir=\"auto\"><span dir=\"ltr\">ul. Kardyna\u0142a Augusta Hlonda 18\/7<\/span><\/div>\n<div dir=\"auto\"><span dir=\"ltr\">41-712 Ruda \u015al\u0105ska<\/span><br>(II pi\u0119tro)<\/div>\n<div dir=\"auto\">&nbsp;<\/div>\n<div dir=\"auto\"><b>Tel<\/b>.: +48 789 159 296<br><b><\/b><\/div>\n<div dir=\"auto\"><b>E-mail<\/b>: <a href=\"mailto:biuro@kancelaria-wegierek.pl\">biuro@kancelaria-wegierek.pl<\/a><\/div>\n<div dir=\"auto\"><b>NIP<\/b>: <span dir=\"ltr\">6412381724<\/span>&nbsp;<\/div>\n<div dir=\"auto\"><b><span style=\"color: #7a7a7a;\">REGON: <\/span><\/b><span style=\"color: #7a7a7a;\">520135016<\/span><br><strong><span style=\"color: #7a7a7a;\">Nr rachunku bankowego:<\/span><\/strong><\/div>\n<div dir=\"auto\"><span style=\"color: #7a7a7a;\">67 1050 1331 1000 0097 4467 0721<\/span><\/div>\n<p><\/p>\n<p>Kancelaria jest czynna w dni robocze od godziny <b>9.00 do godziny 17.00.<\/b><\/p>\n<h6><b>W celu um\u00f3wienia terminu spotkania prosz\u0119 o kontakt telefoniczny b\u0105d\u017a mailowy.<\/b><\/h6>\n<h6>KANCELARIA \u015aWIADCZY TAK\u017bE US\u0141UGI ONLINE.<\/h6>\n<p><!-- \/wp:paragraph --><\/p>\t\t\t\t\t\t<\/div>\n\t\t\t\t<\/div>\n\t\t\t\t\t<\/div>\n\t\t<\/div>\n\t\t\t\t\t\t\t<\/div>\n\t\t<\/section>\n\t\t\t\t<section class=\"elementor-section elementor-top-section elementor-element elementor-element-cef30da elementor-section-boxed elementor-section-height-default elementor-section-height-default\" data-id=\"cef30da\" data-element_type=\"section\">\n\t\t\t\t\t\t<div class=\"elementor-container elementor-column-gap-default\">\n\t\t\t\t\t<div class=\"elementor-column elementor-col-100 elementor-top-column elementor-element elementor-element-2c8a104\" data-id=\"2c8a104\" data-element_type=\"column\">\n\t\t\t<div class=\"elementor-widget-wrap elementor-element-populated\">\n\t\t\t\t\t\t\t\t<div class=\"elementor-element elementor-element-7cd97d3 elementor-widget elementor-widget-google_maps\" data-id=\"7cd97d3\" data-element_type=\"widget\" data-widget_type=\"google_maps.default\">\n\t\t\t\t<div class=\"elementor-widget-container\">\n\t\t\t<style>\/*! elementor - v3.11.5 - 14-03-2023 *\/\n.elementor-widget-google_maps .elementor-widget-container{overflow:hidden}.elementor-widget-google_maps .elementor-custom-embed{line-height:0}.elementor-widget-google_maps iframe{height:300px}<\/style>\t\t<div class=\"elementor-custom-embed\">\n\t\t\t<iframe loading=\"lazy\"\n\t\t\t\t\tsrc=\"https:\/\/maps.google.com\/maps?q=Kancelaria%20Adwokacka%20Teresa%20W%C4%99gierek%20&#038;t=m&#038;z=15&#038;output=embed&#038;iwloc=near\"\n\t\t\t\t\ttitle=\"Kancelaria Adwokacka Teresa W\u0119gierek \"\n\t\t\t\t\taria-label=\"Kancelaria Adwokacka Teresa W\u0119gierek \"\n\t\t\t><\/iframe>\n\t\t<\/div>\n\t\t\t\t<\/div>\n\t\t\t\t<\/div>\n\t\t\t\t\t<\/div>\n\t\t<\/div>\n\t\t\t\t\t\t\t<\/div>\n\t\t<\/section>\n\t\t\t\t\t\t\t<\/div>\n\t\t","protected":false},"excerpt":{"rendered":"<p>KANCELARIA ADWOKACKA TERESA W\u0118GIEREK ul. Kardyna\u0142a Augusta Hlonda 18\/7 41-712 Ruda \u015al\u0105ska(II pi\u0119tro) &nbsp; Tel.: +48 789 159 296 E-mail: biuro@kancelaria-wegierek.pl NIP: 6412381724&nbsp; REGON: 520135016Nr rachunku bankowego: 67 1050 1331 1000 0097 4467 0721 Kancelaria jest czynna w dni robocze od godziny 9.00 do godziny 17.00. W celu um\u00f3wienia terminu &hellip;<\/p>\n","protected":false},"author":1,"featured_media":0,"parent":0,"menu_order":0,"comment_status":"closed","ping_status":"closed","template":"","meta":{"footnotes":""},"class_list":["post-9","page","type-page","status-publish","hentry"],"yoast_head":"<!-- This site is optimized with the Yoast SEO plugin v20.3 - https:\/\/yoast.com\/wordpress\/plugins\/seo\/ -->\n<title>KONTAKT - Kancelaria Adwokacka Teresa W\u0119gierek<\/title>\n<meta name=\"robots\" content=\"index, follow, max-snippet:-1, max-image-preview:large, max-video-preview:-1\" \/>\n<link rel=\"canonical\" href=\"https:\/\/kancelaria-wegierek.pl\/?page_id=9\" \/>\n<meta property=\"og:locale\" content=\"en_US\" \/>\n<meta property=\"og:type\" content=\"article\" \/>\n<meta property=\"og:title\" content=\"KONTAKT - Kancelaria Adwokacka Teresa W\u0119gierek\" \/>\n<meta property=\"og:description\" content=\"KANCELARIA ADWOKACKA TERESA W\u0118GIEREK ul. Kardyna\u0142a Augusta Hlonda 18\/7 41-712 Ruda \u015al\u0105ska(II pi\u0119tro) &nbsp; Tel.: +48 789 159 296 E-mail: biuro@kancelaria-wegierek.pl NIP: 6412381724&nbsp; REGON: 520135016Nr rachunku bankowego: 67 1050 1331 1000 0097 4467 0721 Kancelaria jest czynna w dni robocze od godziny 9.00 do godziny 17.00. W celu um\u00f3wienia terminu &hellip;\" \/>\n<meta property=\"og:url\" content=\"https:\/\/kancelaria-wegierek.pl\/?page_id=9\" \/>\n<meta property=\"og:site_name\" content=\"Kancelaria Adwokacka Teresa W\u0119gierek\" \/>\n<meta property=\"article:modified_time\" content=\"2023-03-22T00:08:11+00:00\" \/>\n<meta name=\"twitter:card\" content=\"summary_large_image\" \/>\n<meta name=\"twitter:label1\" content=\"Est. reading time\" \/>\n\t<meta name=\"twitter:data1\" content=\"1 minute\" \/>\n<script type=\"application\/ld+json\" class=\"yoast-schema-graph\">{\"@context\":\"https:\/\/schema.org\",\"@graph\":[{\"@type\":\"WebPage\",\"@id\":\"https:\/\/kancelaria-wegierek.pl\/?page_id=9\",\"url\":\"https:\/\/kancelaria-wegierek.pl\/?page_id=9\",\"name\":\"KONTAKT - Kancelaria Adwokacka Teresa W\u0119gierek\",\"isPartOf\":{\"@id\":\"https:\/\/kancelaria-wegierek.pl\/#website\"},\"datePublished\":\"2021-11-23T22:43:01+00:00\",\"dateModified\":\"2023-03-22T00:08:11+00:00\",\"breadcrumb\":{\"@id\":\"https:\/\/kancelaria-wegierek.pl\/?page_id=9#breadcrumb\"},\"inLanguage\":\"en-US\",\"potentialAction\":[{\"@type\":\"ReadAction\",\"target\":[\"https:\/\/kancelaria-wegierek.pl\/?page_id=9\"]}]},{\"@type\":\"BreadcrumbList\",\"@id\":\"https:\/\/kancelaria-wegierek.pl\/?page_id=9#breadcrumb\",\"itemListElement\":[{\"@type\":\"ListItem\",\"position\":1,\"name\":\"Home\",\"item\":\"https:\/\/kancelaria-wegierek.pl\/\"},{\"@type\":\"ListItem\",\"position\":2,\"name\":\"KONTAKT\"}]},{\"@type\":\"WebSite\",\"@id\":\"https:\/\/kancelaria-wegierek.pl\/#website\",\"url\":\"https:\/\/kancelaria-wegierek.pl\/\",\"name\":\"Kancelaria Adwokacka Teresa W\u0119gierek\",\"description\":\"\",\"publisher\":{\"@id\":\"https:\/\/kancelaria-wegierek.pl\/#organization\"},\"potentialAction\":[{\"@type\":\"SearchAction\",\"target\":{\"@type\":\"EntryPoint\",\"urlTemplate\":\"https:\/\/kancelaria-wegierek.pl\/?s={search_term_string}\"},\"query-input\":\"required name=search_term_string\"}],\"inLanguage\":\"en-US\"},{\"@type\":\"Organization\",\"@id\":\"https:\/\/kancelaria-wegierek.pl\/#organization\",\"name\":\"Kancelaria Adwokacka Teresa W\u0119gierek\",\"url\":\"https:\/\/kancelaria-wegierek.pl\/\",\"logo\":{\"@type\":\"ImageObject\",\"inLanguage\":\"en-US\",\"@id\":\"https:\/\/kancelaria-wegierek.pl\/#\/schema\/logo\/image\/\",\"url\":\"https:\/\/kancelaria-wegierek.pl\/wp-content\/uploads\/2021\/11\/logo-TW-02-small.jpeg\",\"contentUrl\":\"https:\/\/kancelaria-wegierek.pl\/wp-content\/uploads\/2021\/11\/logo-TW-02-small.jpeg\",\"width\":842,\"height\":595,\"caption\":\"Kancelaria Adwokacka Teresa W\u0119gierek\"},\"image\":{\"@id\":\"https:\/\/kancelaria-wegierek.pl\/#\/schema\/logo\/image\/\"}}]}<\/script>\n<!-- \/ Yoast SEO plugin. -->","yoast_head_json":{"title":"KONTAKT - Kancelaria Adwokacka Teresa W\u0119gierek","robots":{"index":"index","follow":"follow","max-snippet":"max-snippet:-1","max-image-preview":"max-image-preview:large","max-video-preview":"max-video-preview:-1"},"canonical":"https:\/\/kancelaria-wegierek.pl\/?page_id=9","og_locale":"en_US","og_type":"article","og_title":"KONTAKT - Kancelaria Adwokacka Teresa W\u0119gierek","og_description":"KANCELARIA ADWOKACKA TERESA W\u0118GIEREK ul. Kardyna\u0142a Augusta Hlonda 18\/7 41-712 Ruda \u015al\u0105ska(II pi\u0119tro) &nbsp; Tel.: +48 789 159 296 E-mail: biuro@kancelaria-wegierek.pl NIP: 6412381724&nbsp; REGON: 520135016Nr rachunku bankowego: 67 1050 1331 1000 0097 4467 0721 Kancelaria jest czynna w dni robocze od godziny 9.00 do godziny 17.00. W celu um\u00f3wienia terminu &hellip;","og_url":"https:\/\/kancelaria-wegierek.pl\/?page_id=9","og_site_name":"Kancelaria Adwokacka Teresa W\u0119gierek","article_modified_time":"2023-03-22T00:08:11+00:00","twitter_card":"summary_large_image","twitter_misc":{"Est. reading time":"1 minute"},"schema":{"@context":"https:\/\/schema.org","@graph":[{"@type":"WebPage","@id":"https:\/\/kancelaria-wegierek.pl\/?page_id=9","url":"https:\/\/kancelaria-wegierek.pl\/?page_id=9","name":"KONTAKT - Kancelaria Adwokacka Teresa W\u0119gierek","isPartOf":{"@id":"https:\/\/kancelaria-wegierek.pl\/#website"},"datePublished":"2021-11-23T22:43:01+00:00","dateModified":"2023-03-22T00:08:11+00:00","breadcrumb":{"@id":"https:\/\/kancelaria-wegierek.pl\/?page_id=9#breadcrumb"},"inLanguage":"en-US","potentialAction":[{"@type":"ReadAction","target":["https:\/\/kancelaria-wegierek.pl\/?page_id=9"]}]},{"@type":"BreadcrumbList","@id":"https:\/\/kancelaria-wegierek.pl\/?page_id=9#breadcrumb","itemListElement":[{"@type":"ListItem","position":1,"name":"Home","item":"https:\/\/kancelaria-wegierek.pl\/"},{"@type":"ListItem","position":2,"name":"KONTAKT"}]},{"@type":"WebSite","@id":"https:\/\/kancelaria-wegierek.pl\/#website","url":"https:\/\/kancelaria-wegierek.pl\/","name":"Kancelaria Adwokacka Teresa W\u0119gierek","description":"","publisher":{"@id":"https:\/\/kancelaria-wegierek.pl\/#organization"},"potentialAction":[{"@type":"SearchAction","target":{"@type":"EntryPoint","urlTemplate":"https:\/\/kancelaria-wegierek.pl\/?s={search_term_string}"},"query-input":"required name=search_term_string"}],"inLanguage":"en-US"},{"@type":"Organization","@id":"https:\/\/kancelaria-wegierek.pl\/#organization","name":"Kancelaria Adwokacka Teresa W\u0119gierek","url":"https:\/\/kancelaria-wegierek.pl\/","logo":{"@type":"ImageObject","inLanguage":"en-US","@id":"https:\/\/kancelaria-wegierek.pl\/#\/schema\/logo\/image\/","url":"https:\/\/kancelaria-wegierek.pl\/wp-content\/uploads\/2021\/11\/logo-TW-02-small.jpeg","contentUrl":"https:\/\/kancelaria-wegierek.pl\/wp-content\/uploads\/2021\/11\/logo-TW-02-small.jpeg","width":842,"height":595,"caption":"Kancelaria Adwokacka Teresa W\u0119gierek"},"image":{"@id":"https:\/\/kancelaria-wegierek.pl\/#\/schema\/logo\/image\/"}}]}},"_links":{"self":[{"href":"https:\/\/kancelaria-wegierek.pl\/index.php?rest_route=\/wp\/v2\/pages\/9","targetHints":{"allow":["GET"]}}],"collection":[{"href":"https:\/\/kancelaria-wegierek.pl\/index.php?rest_route=\/wp\/v2\/pages"}],"about":[{"href":"https:\/\/kancelaria-wegierek.pl\/index.php?rest_route=\/wp\/v2\/types\/page"}],"author":[{"embeddable":true,"href":"https:\/\/kancelaria-wegierek.pl\/index.php?rest_route=\/wp\/v2\/users\/1"}],"replies":[{"embeddable":true,"href":"https:\/\/kancelaria-wegierek.pl\/index.php?rest_route=%2Fwp%2Fv2%2Fcomments&post=9"}],"version-history":[{"count":30,"href":"https:\/\/kancelaria-wegierek.pl\/index.php?rest_route=\/wp\/v2\/pages\/9\/revisions"}],"predecessor-version":[{"id":434,"href":"https:\/\/kancelaria-wegierek.pl\/index.php?rest_route=\/wp\/v2\/pages\/9\/revisions\/434"}],"wp:attachment":[{"href":"https:\/\/kancelaria-wegierek.pl\/index.php?rest_route=%2Fwp%2Fv2%2Fmedia&parent=9"}],"curies":[{"name":"wp","href":"https:\/\/api.w.org\/{rel}","templated":true}]}}